{"id":1042,"date":"2025-09-22T19:04:19","date_gmt":"2025-09-22T16:04:19","guid":{"rendered":"https:\/\/peetriminiladu.ee\/contact-us\/"},"modified":"2025-09-24T17:56:58","modified_gmt":"2025-09-24T14:56:58","slug":"contact-us","status":"publish","type":"page","link":"https:\/\/peetriminiladu.ee\/en\/contact-us\/","title":{"rendered":"Contact us"},"content":{"rendered":"\t\t<div data-elementor-type=\"wp-page\" data-elementor-id=\"1042\" class=\"elementor elementor-1042 elementor-451\" data-elementor-post-type=\"page\">\n\t\t\t\t<div class=\"elementor-element elementor-element-fdfab45 e-flex e-con-boxed e-con e-parent\" data-id=\"fdfab45\" data-element_type=\"container\" data-settings=\"{&quot;background_background&quot;:&quot;classic&quot;}\">\n\t\t\t\t\t<div class=\"e-con-inner\">\n\t\t\t\t<div class=\"elementor-element elementor-element-1e6f37e elementor-widget elementor-widget-heading\" data-id=\"1e6f37e\" data-element_type=\"widget\" data-widget_type=\"heading.default\">\n\t\t\t\t\t<h2 class=\"elementor-heading-title elementor-size-default\">Peetri Mini Self Storage\n<\/h2>\t\t\t\t<\/div>\n\t\t\t\t<div class=\"elementor-element elementor-element-25ef44a elementor-widget elementor-widget-text-editor\" data-id=\"25ef44a\" data-element_type=\"widget\" data-widget_type=\"text-editor.default\">\n\t\t\t\t\t\t\t\t\t<div id=\"row-424456857\" class=\"row row-collapse row-full-width\"><div id=\"col-436958997\" class=\"col small-12 large-12\"><div class=\"col-inner\"><section id=\"section_529464552\" class=\"section\"><div class=\"section-content relative\"><div id=\"row-621240700\" class=\"row row-collapse align-center\"><div id=\"col-975351778\" class=\"col small-12 large-12\"><div class=\"col-inner text-center dark\"><p class=\"lead\">Contact Us!<\/p><\/div><\/div><\/div><\/div><\/section><\/div><\/div><\/div>\t\t\t\t\t\t\t\t<\/div>\n\t\t\t\t\t<\/div>\n\t\t\t\t<\/div>\n\t\t<div class=\"elementor-element elementor-element-98745be e-flex e-con-boxed e-con e-child\" data-id=\"98745be\" data-element_type=\"container\" data-settings=\"{&quot;background_background&quot;:&quot;classic&quot;}\">\n\t\t\t\t\t<div class=\"e-con-inner\">\n\t\t<div class=\"elementor-element elementor-element-baed7ef e-con-full e-flex e-con e-child\" data-id=\"baed7ef\" data-element_type=\"container\" data-settings=\"{&quot;background_background&quot;:&quot;classic&quot;}\">\n\t\t<div class=\"elementor-element elementor-element-eabd48f e-con-full e-flex e-con e-child\" data-id=\"eabd48f\" data-element_type=\"container\">\n\t\t\t\t<div class=\"elementor-element elementor-element-d140214 elementor-widget elementor-widget-heading\" data-id=\"d140214\" data-element_type=\"widget\" data-widget_type=\"heading.default\">\n\t\t\t\t\t<h2 class=\"elementor-heading-title elementor-size-default\">Contact<\/h2>\t\t\t\t<\/div>\n\t\t\t\t<div class=\"elementor-element elementor-element-f31ed59 elementor-widget elementor-widget-text-editor\" data-id=\"f31ed59\" data-element_type=\"widget\" data-widget_type=\"text-editor.default\">\n\t\t\t\t\t\t\t\t\t<p>The largest mini self storage in the Baltic countries is located next to Tallinn in the town of Peetri, V\u00e4geva tee 3A. <\/p>\t\t\t\t\t\t\t\t<\/div>\n\t\t<div class=\"elementor-element elementor-element-45a624c e-con-full e-flex e-con e-child\" data-id=\"45a624c\" data-element_type=\"container\">\n\t\t<div class=\"elementor-element elementor-element-e179caa e-con-full e-flex e-con e-child\" data-id=\"e179caa\" data-element_type=\"container\">\n\t\t\t\t<div class=\"elementor-element elementor-element-30b7e92 elementor-view-default elementor-position-block-start elementor-mobile-position-block-start elementor-widget elementor-widget-icon-box\" data-id=\"30b7e92\" data-element_type=\"widget\" data-widget_type=\"icon-box.default\">\n\t\t\t\t\t\t\t<div class=\"elementor-icon-box-wrapper\">\n\n\t\t\t\t\t\t<div class=\"elementor-icon-box-icon\">\n\t\t\t\t<span  class=\"elementor-icon\">\n\t\t\t\t<svg aria-hidden=\"true\" class=\"e-font-icon-svg e-fas-map-marker-alt\" viewBox=\"0 0 384 512\" xmlns=\"http:\/\/www.w3.org\/2000\/svg\"><path d=\"M172.268 501.67C26.97 291.031 0 269.413 0 192 0 85.961 85.961 0 192 0s192 85.961 192 192c0 77.413-26.97 99.031-172.268 309.67-9.535 13.774-29.93 13.773-39.464 0zM192 272c44.183 0 80-35.817 80-80s-35.817-80-80-80-80 35.817-80 80 35.817 80 80 80z\"><\/path><\/svg>\t\t\t\t<\/span>\n\t\t\t<\/div>\n\t\t\t\n\t\t\t\t\t\t<div class=\"elementor-icon-box-content\">\n\n\t\t\t\t\t\t\t\t\t<h3 class=\"elementor-icon-box-title\">\n\t\t\t\t\t\t<span  >\n\t\t\t\t\t\t\tAddress\t\t\t\t\t\t<\/span>\n\t\t\t\t\t<\/h3>\n\t\t\t\t\n\t\t\t\t\t\t\t\t\t<p class=\"elementor-icon-box-description\">\n\t\t\t\t\t\tV\u00e4geva tee 3a Peetri alevik,\nRae vald Harjumaa, 75312\t\t\t\t\t<\/p>\n\t\t\t\t\n\t\t\t<\/div>\n\t\t\t\n\t\t<\/div>\n\t\t\t\t\t\t<\/div>\n\t\t\t\t<\/div>\n\t\t<div class=\"elementor-element elementor-element-afff18f e-con-full e-flex e-con e-child\" data-id=\"afff18f\" data-element_type=\"container\">\n\t\t\t\t<div class=\"elementor-element elementor-element-18d68d0 elementor-view-default elementor-position-block-start elementor-mobile-position-block-start elementor-widget elementor-widget-icon-box\" data-id=\"18d68d0\" data-element_type=\"widget\" data-widget_type=\"icon-box.default\">\n\t\t\t\t\t\t\t<div class=\"elementor-icon-box-wrapper\">\n\n\t\t\t\t\t\t<div class=\"elementor-icon-box-icon\">\n\t\t\t\t<a href=\"mailto:info@peetriminiladu.ee\" class=\"elementor-icon\" tabindex=\"-1\" aria-label=\"E-mail\">\n\t\t\t\t<svg aria-hidden=\"true\" class=\"e-font-icon-svg e-fas-envelope-open\" viewBox=\"0 0 512 512\" xmlns=\"http:\/\/www.w3.org\/2000\/svg\"><path d=\"M512 464c0 26.51-21.49 48-48 48H48c-26.51 0-48-21.49-48-48V200.724a48 48 0 0 1 18.387-37.776c24.913-19.529 45.501-35.365 164.2-121.511C199.412 29.17 232.797-.347 256 .003c23.198-.354 56.596 29.172 73.413 41.433 118.687 86.137 139.303 101.995 164.2 121.512A48 48 0 0 1 512 200.724V464zm-65.666-196.605c-2.563-3.728-7.7-4.595-11.339-1.907-22.845 16.873-55.462 40.705-105.582 77.079-16.825 12.266-50.21 41.781-73.413 41.43-23.211.344-56.559-29.143-73.413-41.43-50.114-36.37-82.734-60.204-105.582-77.079-3.639-2.688-8.776-1.821-11.339 1.907l-9.072 13.196a7.998 7.998 0 0 0 1.839 10.967c22.887 16.899 55.454 40.69 105.303 76.868 20.274 14.781 56.524 47.813 92.264 47.573 35.724.242 71.961-32.771 92.263-47.573 49.85-36.179 82.418-59.97 105.303-76.868a7.998 7.998 0 0 0 1.839-10.967l-9.071-13.196z\"><\/path><\/svg>\t\t\t\t<\/a>\n\t\t\t<\/div>\n\t\t\t\n\t\t\t\t\t\t<div class=\"elementor-icon-box-content\">\n\n\t\t\t\t\t\t\t\t\t<h3 class=\"elementor-icon-box-title\">\n\t\t\t\t\t\t<a href=\"mailto:info@peetriminiladu.ee\" >\n\t\t\t\t\t\t\tE-mail\t\t\t\t\t\t<\/a>\n\t\t\t\t\t<\/h3>\n\t\t\t\t\n\t\t\t\t\t\t\t\t\t<p class=\"elementor-icon-box-description\">\n\t\t\t\t\t\tinfo@peetriminiladu.ee\t\t\t\t\t<\/p>\n\t\t\t\t\n\t\t\t<\/div>\n\t\t\t\n\t\t<\/div>\n\t\t\t\t\t\t<\/div>\n\t\t\t\t<\/div>\n\t\t\t\t<\/div>\n\t\t<div class=\"elementor-element elementor-element-049d676 e-con-full e-flex e-con e-child\" data-id=\"049d676\" data-element_type=\"container\">\n\t\t<div class=\"elementor-element elementor-element-f511c1d e-con-full e-flex e-con e-child\" data-id=\"f511c1d\" data-element_type=\"container\">\n\t\t\t\t<div class=\"elementor-element elementor-element-597df95 elementor-view-default elementor-position-block-start elementor-mobile-position-block-start elementor-widget elementor-widget-icon-box\" data-id=\"597df95\" data-element_type=\"widget\" data-widget_type=\"icon-box.default\">\n\t\t\t\t\t\t\t<div class=\"elementor-icon-box-wrapper\">\n\n\t\t\t\t\t\t<div class=\"elementor-icon-box-icon\">\n\t\t\t\t<span  class=\"elementor-icon\">\n\t\t\t\t<svg aria-hidden=\"true\" class=\"e-font-icon-svg e-fas-phone-alt\" viewBox=\"0 0 512 512\" xmlns=\"http:\/\/www.w3.org\/2000\/svg\"><path d=\"M497.39 361.8l-112-48a24 24 0 0 0-28 6.9l-49.6 60.6A370.66 370.66 0 0 1 130.6 204.11l60.6-49.6a23.94 23.94 0 0 0 6.9-28l-48-112A24.16 24.16 0 0 0 122.6.61l-104 24A24 24 0 0 0 0 48c0 256.5 207.9 464 464 464a24 24 0 0 0 23.4-18.6l24-104a24.29 24.29 0 0 0-14.01-27.6z\"><\/path><\/svg>\t\t\t\t<\/span>\n\t\t\t<\/div>\n\t\t\t\n\t\t\t\t\t\t<div class=\"elementor-icon-box-content\">\n\n\t\t\t\t\t\t\t\t\t<h3 class=\"elementor-icon-box-title\">\n\t\t\t\t\t\t<span  >\n\t\t\t\t\t\t\tTelephone\t\t\t\t\t\t<\/span>\n\t\t\t\t\t<\/h3>\n\t\t\t\t\n\t\t\t\t\t\t\t\t\t<p class=\"elementor-icon-box-description\">\n\t\t\t\t\t\t+372 5770 5770<\/br><\/br>\n\nWe communicate in Estonian, Russian, English and Finnish.\t\t\t\t\t<\/p>\n\t\t\t\t\n\t\t\t<\/div>\n\t\t\t\n\t\t<\/div>\n\t\t\t\t\t\t<\/div>\n\t\t\t\t<\/div>\n\t\t<div class=\"elementor-element elementor-element-4fb83bc e-con-full e-flex e-con e-child\" data-id=\"4fb83bc\" data-element_type=\"container\">\n\t\t\t\t<div class=\"elementor-element elementor-element-8cdd053 elementor-view-default elementor-position-block-start elementor-mobile-position-block-start elementor-widget elementor-widget-icon-box\" data-id=\"8cdd053\" data-element_type=\"widget\" data-widget_type=\"icon-box.default\">\n\t\t\t\t\t\t\t<div class=\"elementor-icon-box-wrapper\">\n\n\t\t\t\t\t\t<div class=\"elementor-icon-box-icon\">\n\t\t\t\t<a href=\"mailto:info@peetriminiladu.ee\" class=\"elementor-icon\" tabindex=\"-1\" aria-label=\"WE ARE OPEN\">\n\t\t\t\t<svg aria-hidden=\"true\" class=\"e-font-icon-svg e-fas-clock\" viewBox=\"0 0 512 512\" xmlns=\"http:\/\/www.w3.org\/2000\/svg\"><path d=\"M256,8C119,8,8,119,8,256S119,504,256,504,504,393,504,256,393,8,256,8Zm92.49,313h0l-20,25a16,16,0,0,1-22.49,2.5h0l-67-49.72a40,40,0,0,1-15-31.23V112a16,16,0,0,1,16-16h32a16,16,0,0,1,16,16V256l58,42.5A16,16,0,0,1,348.49,321Z\"><\/path><\/svg>\t\t\t\t<\/a>\n\t\t\t<\/div>\n\t\t\t\n\t\t\t\t\t\t<div class=\"elementor-icon-box-content\">\n\n\t\t\t\t\t\t\t\t\t<h3 class=\"elementor-icon-box-title\">\n\t\t\t\t\t\t<a href=\"mailto:info@peetriminiladu.ee\" >\n\t\t\t\t\t\t\tWE ARE OPEN\t\t\t\t\t\t<\/a>\n\t\t\t\t\t<\/h3>\n\t\t\t\t\n\t\t\t\t\t\t\t\t\t<p class=\"elementor-icon-box-description\">\n\t\t\t\t\t\tMon-Sun 7.00 \u2013 24.00<\/br><\/br>\n\nAdministraator on majas<\/br><\/br>\n\nMon, Tue, Thu 9.00 \u2013 17.00.\n\n\t\t\t\t\t<\/p>\n\t\t\t\t\n\t\t\t<\/div>\n\t\t\t\n\t\t<\/div>\n\t\t\t\t\t\t<\/div>\n\t\t\t\t<\/div>\n\t\t\t\t<\/div>\n\t\t\t\t<\/div>\n\t\t<div class=\"elementor-element elementor-element-a0df049 e-con-full e-flex e-con e-child\" data-id=\"a0df049\" data-element_type=\"container\">\n\t\t\t\t<div class=\"elementor-element elementor-element-a2128ef elementor-widget elementor-widget-heading\" data-id=\"a2128ef\" data-element_type=\"widget\" data-widget_type=\"heading.default\">\n\t\t\t\t\t<h2 class=\"elementor-heading-title elementor-size-default\">Contact Us!\n<\/h2>\t\t\t\t<\/div>\n\t\t\t\t<div class=\"elementor-element elementor-element-f8e5783 elementor-widget__width-inherit elementor-button-align-stretch elementor-widget elementor-widget-form\" data-id=\"f8e5783\" data-element_type=\"widget\" data-settings=\"{&quot;step_next_label&quot;:&quot;Next&quot;,&quot;step_previous_label&quot;:&quot;Previous&quot;,&quot;button_width&quot;:&quot;100&quot;,&quot;step_type&quot;:&quot;number_text&quot;,&quot;step_icon_shape&quot;:&quot;circle&quot;}\" data-widget_type=\"form.default\">\n\t\t\t\t\t\t\t<form class=\"elementor-form\" method=\"post\" name=\"New Form\" aria-label=\"New Form\" novalidate=\"\">\n\t\t\t<input type=\"hidden\" name=\"post_id\" value=\"1042\"\/>\n\t\t\t<input type=\"hidden\" name=\"form_id\" value=\"f8e5783\"\/>\n\t\t\t<input type=\"hidden\" name=\"referer_title\" value=\"Peetri Miniladu &#8211; Moodsad minilaod\" \/>\n\n\t\t\t\n\t\t\t<div class=\"elementor-form-fields-wrapper elementor-labels-above\">\n\t\t\t\t\t\t\t\t<div class=\"elementor-field-type-text elementor-field-group elementor-column elementor-field-group-name elementor-col-100 elementor-field-required\">\n\t\t\t\t\t\t\t\t\t\t\t\t<label for=\"form-field-name\" class=\"elementor-field-label\">\n\t\t\t\t\t\t\t\tName\t\t\t\t\t\t\t<\/label>\n\t\t\t\t\t\t\t\t\t\t\t\t\t\t<input size=\"1\" type=\"text\" name=\"form_fields[name]\" id=\"form-field-name\" class=\"elementor-field elementor-size-sm  elementor-field-textual\" required=\"required\">\n\t\t\t\t\t\t\t\t\t\t\t<\/div>\n\t\t\t\t\t\t\t\t<div class=\"elementor-field-type-email elementor-field-group elementor-column elementor-field-group-email elementor-col-100 elementor-field-required\">\n\t\t\t\t\t\t\t\t\t\t\t\t<label for=\"form-field-email\" class=\"elementor-field-label\">\n\t\t\t\t\t\t\t\tEmail\t\t\t\t\t\t\t<\/label>\n\t\t\t\t\t\t\t\t\t\t\t\t\t\t<input size=\"1\" type=\"email\" name=\"form_fields[email]\" id=\"form-field-email\" class=\"elementor-field elementor-size-sm  elementor-field-textual\" required=\"required\">\n\t\t\t\t\t\t\t\t\t\t\t<\/div>\n\t\t\t\t\t\t\t\t<div class=\"elementor-field-type-tel elementor-field-group elementor-column elementor-field-group-field_a6c14d8 elementor-col-100 elementor-field-required\">\n\t\t\t\t\t\t\t\t\t\t\t\t<label for=\"form-field-field_a6c14d8\" class=\"elementor-field-label\">\n\t\t\t\t\t\t\t\tTelephone\t\t\t\t\t\t\t<\/label>\n\t\t\t\t\t\t\t\t<input size=\"1\" type=\"tel\" name=\"form_fields[field_a6c14d8]\" id=\"form-field-field_a6c14d8\" class=\"elementor-field elementor-size-sm  elementor-field-textual\" required=\"required\" pattern=\"[0-9()#&amp;+*-=.]+\" title=\"Only numbers and phone characters (#, -, *, etc) are accepted.\">\n\n\t\t\t\t\t\t<\/div>\n\t\t\t\t\t\t\t\t<div class=\"elementor-field-type-textarea elementor-field-group elementor-column elementor-field-group-message elementor-col-100\">\n\t\t\t\t\t\t\t\t\t\t\t\t<label for=\"form-field-message\" class=\"elementor-field-label\">\n\t\t\t\t\t\t\t\tMessage\t\t\t\t\t\t\t<\/label>\n\t\t\t\t\t\t<textarea class=\"elementor-field-textual elementor-field  elementor-size-sm\" name=\"form_fields[message]\" id=\"form-field-message\" rows=\"4\"><\/textarea>\t\t\t\t<\/div>\n\t\t\t\t\t\t\t\t<div class=\"elementor-field-type-recaptcha_v3 elementor-field-group elementor-column elementor-field-group-field_9aec5e7 elementor-col-100 recaptcha_v3-bottomright\">\n\t\t\t\t\t<div class=\"elementor-field\" id=\"form-field-field_9aec5e7\"><div class=\"elementor-g-recaptcha\" data-sitekey=\"6LfcKekrAAAAAFIpIsvybaHC3PLjGer7B-uNtGwx\" data-type=\"v3\" data-action=\"Form\" data-badge=\"bottomright\" data-size=\"invisible\"><\/div><\/div>\t\t\t\t<\/div>\n\t\t\t\t\t\t\t\t<div class=\"elementor-field-type-text\">\n\t\t\t\t\t<input size=\"1\" type=\"text\" name=\"form_fields[field_cb3dd7e]\" id=\"form-field-field_cb3dd7e\" class=\"elementor-field elementor-size-sm \" style=\"display:none !important;\">\t\t\t\t<\/div>\n\t\t\t\t\t\t\t\t<div class=\"elementor-field-group elementor-column elementor-field-type-submit elementor-col-100 e-form__buttons\">\n\t\t\t\t\t<button class=\"elementor-button elementor-size-sm\" type=\"submit\">\n\t\t\t\t\t\t<span class=\"elementor-button-content-wrapper\">\n\t\t\t\t\t\t\t\t\t\t\t\t\t\t\t\t\t\t\t\t\t\t<span class=\"elementor-button-text\">Send<\/span>\n\t\t\t\t\t\t\t\t\t\t\t\t\t<\/span>\n\t\t\t\t\t<\/button>\n\t\t\t\t<\/div>\n\t\t\t<\/div>\n\t\t<\/form>\n\t\t\t\t\t\t<\/div>\n\t\t\t\t<\/div>\n\t\t\t\t<\/div>\n\t\t\t\t\t<\/div>\n\t\t\t\t<\/div>\n\t\t<div class=\"elementor-element elementor-element-bd941f6 e-con-full e-flex e-con e-parent\" data-id=\"bd941f6\" data-element_type=\"container\">\n\t\t\t\t<div class=\"elementor-element elementor-element-8ede0e9 elementor-widget elementor-widget-google_maps\" data-id=\"8ede0e9\" data-element_type=\"widget\" data-widget_type=\"google_maps.default\">\n\t\t\t\t\t\t\t<div class=\"elementor-custom-embed\">\n\t\t\t<iframe loading=\"lazy\"\n\t\t\t\t\tsrc=\"https:\/\/maps.google.com\/maps?q=P%C3%B5hjamaade%20suurim%20miniladu%20asub%20Tallinna%20k%C3%BClje%20all%20Peetri%20alevikus%2C%20V%C3%A4geva%20tee%203A.%20&#038;t=m&#038;z=12&#038;output=embed&#038;iwloc=near\"\n\t\t\t\t\ttitle=\"P\u00f5hjamaade suurim miniladu asub Tallinna k\u00fclje all Peetri alevikus, V\u00e4geva tee 3A. \"\n\t\t\t\t\taria-label=\"P\u00f5hjamaade suurim miniladu asub Tallinna k\u00fclje all Peetri alevikus, V\u00e4geva tee 3A. \"\n\t\t\t><\/iframe>\n\t\t<\/div>\n\t\t\t\t\t\t<\/div>\n\t\t\t\t<\/div>\n\t\t\t\t<\/div>\n\t\t","protected":false},"excerpt":{"rendered":"<p>Peetri Mini Self Storage Contact Us! Contact The largest mini self storage in the Baltic countries is located next to Tallinn in the town of Peetri, V\u00e4geva tee 3A. Address V\u00e4geva tee 3a Peetri alevik, Rae vald Harjumaa, 75312 E-mail info@peetriminiladu.ee Telephone +372 5770 5770 We communicate in Estonian, Russian, English and Finnish. WE ARE [&hellip;]<\/p>\n","protected":false},"author":1,"featured_media":0,"parent":0,"menu_order":0,"comment_status":"closed","ping_status":"closed","template":"","meta":{"_acf_changed":false,"inline_featured_image":false,"footnotes":""},"class_list":["post-1042","page","type-page","status-publish","hentry"],"acf":[],"yoast_head":"<!-- This site is optimized with the Yoast SEO plugin v26.7 - https:\/\/yoast.com\/wordpress\/plugins\/seo\/ -->\n<title>Contact us - Peetri Miniladu - Moodsad minilaod<\/title>\n<meta name=\"robots\" content=\"index, follow, max-snippet:-1, max-image-preview:large, max-video-preview:-1\" \/>\n<link rel=\"canonical\" href=\"https:\/\/peetriminiladu.ee\/en\/contact-us\/\" \/>\n<meta property=\"og:locale\" content=\"en_US\" \/>\n<meta property=\"og:type\" content=\"article\" \/>\n<meta property=\"og:title\" content=\"Contact us - Peetri Miniladu - Moodsad minilaod\" \/>\n<meta property=\"og:description\" content=\"Peetri Mini Self Storage Contact Us! Contact The largest mini self storage in the Baltic countries is located next to Tallinn in the town of Peetri, V\u00e4geva tee 3A. Address V\u00e4geva tee 3a Peetri alevik, Rae vald Harjumaa, 75312 E-mail info@peetriminiladu.ee Telephone +372 5770 5770 We communicate in Estonian, Russian, English and Finnish. WE ARE [&hellip;]\" \/>\n<meta property=\"og:url\" content=\"https:\/\/peetriminiladu.ee\/en\/contact-us\/\" \/>\n<meta property=\"og:site_name\" content=\"Peetri Miniladu - Moodsad minilaod\" \/>\n<meta property=\"article:publisher\" content=\"https:\/\/www.facebook.com\/PeetriMiniladu#\" \/>\n<meta property=\"article:modified_time\" content=\"2025-09-24T14:56:58+00:00\" \/>\n<meta name=\"twitter:card\" content=\"summary_large_image\" \/>\n<script type=\"application\/ld+json\" class=\"yoast-schema-graph\">{\"@context\":\"https:\/\/schema.org\",\"@graph\":[{\"@type\":\"WebPage\",\"@id\":\"https:\/\/peetriminiladu.ee\/en\/contact-us\/\",\"url\":\"https:\/\/peetriminiladu.ee\/en\/contact-us\/\",\"name\":\"Contact us - Peetri Miniladu - Moodsad minilaod\",\"isPartOf\":{\"@id\":\"https:\/\/peetriminiladu.ee\/#website\"},\"datePublished\":\"2025-09-22T16:04:19+00:00\",\"dateModified\":\"2025-09-24T14:56:58+00:00\",\"breadcrumb\":{\"@id\":\"https:\/\/peetriminiladu.ee\/en\/contact-us\/#breadcrumb\"},\"inLanguage\":\"en-US\",\"potentialAction\":[{\"@type\":\"ReadAction\",\"target\":[\"https:\/\/peetriminiladu.ee\/en\/contact-us\/\"]}]},{\"@type\":\"BreadcrumbList\",\"@id\":\"https:\/\/peetriminiladu.ee\/en\/contact-us\/#breadcrumb\",\"itemListElement\":[{\"@type\":\"ListItem\",\"position\":1,\"name\":\"Avaleht\",\"item\":\"https:\/\/peetriminiladu.ee\/en\/peetri-mini-warehouse-safe-and-modern-mini-storage-boxes-in-peetri-rental-boxes-1-5-40-m%c2%b2\/\"},{\"@type\":\"ListItem\",\"position\":2,\"name\":\"Contact us\"}]},{\"@type\":\"WebSite\",\"@id\":\"https:\/\/peetriminiladu.ee\/#website\",\"url\":\"https:\/\/peetriminiladu.ee\/\",\"name\":\"Peetri Miniladu - Moodsad minilaod\",\"description\":\"Peetri Miniladu - 5 t&auml;rni kodu Sinu asjadele!\",\"publisher\":{\"@id\":\"https:\/\/peetriminiladu.ee\/#organization\"},\"potentialAction\":[{\"@type\":\"SearchAction\",\"target\":{\"@type\":\"EntryPoint\",\"urlTemplate\":\"https:\/\/peetriminiladu.ee\/?s={search_term_string}\"},\"query-input\":{\"@type\":\"PropertyValueSpecification\",\"valueRequired\":true,\"valueName\":\"search_term_string\"}}],\"inLanguage\":\"en-US\"},{\"@type\":\"Organization\",\"@id\":\"https:\/\/peetriminiladu.ee\/#organization\",\"name\":\"Peetri Miniladu - Moodsad minilaod\",\"url\":\"https:\/\/peetriminiladu.ee\/\",\"logo\":{\"@type\":\"ImageObject\",\"inLanguage\":\"en-US\",\"@id\":\"https:\/\/peetriminiladu.ee\/#\/schema\/logo\/image\/\",\"url\":\"https:\/\/peetriminiladu.ee\/wp-content\/uploads\/2025\/09\/peetri-miniladu.png.webp\",\"contentUrl\":\"https:\/\/peetriminiladu.ee\/wp-content\/uploads\/2025\/09\/peetri-miniladu.png.webp\",\"width\":895,\"height\":243,\"caption\":\"Peetri Miniladu - Moodsad minilaod\"},\"image\":{\"@id\":\"https:\/\/peetriminiladu.ee\/#\/schema\/logo\/image\/\"},\"sameAs\":[\"https:\/\/www.facebook.com\/PeetriMiniladu#\",\"https:\/\/www.instagram.com\/peetri_miniladu\/\"]}]}<\/script>\n<!-- \/ Yoast SEO plugin. -->","yoast_head_json":{"title":"Contact us - Peetri Miniladu - Moodsad minilaod","robots":{"index":"index","follow":"follow","max-snippet":"max-snippet:-1","max-image-preview":"max-image-preview:large","max-video-preview":"max-video-preview:-1"},"canonical":"https:\/\/peetriminiladu.ee\/en\/contact-us\/","og_locale":"en_US","og_type":"article","og_title":"Contact us - Peetri Miniladu - Moodsad minilaod","og_description":"Peetri Mini Self Storage Contact Us! Contact The largest mini self storage in the Baltic countries is located next to Tallinn in the town of Peetri, V\u00e4geva tee 3A. Address V\u00e4geva tee 3a Peetri alevik, Rae vald Harjumaa, 75312 E-mail info@peetriminiladu.ee Telephone +372 5770 5770 We communicate in Estonian, Russian, English and Finnish. WE ARE [&hellip;]","og_url":"https:\/\/peetriminiladu.ee\/en\/contact-us\/","og_site_name":"Peetri Miniladu - Moodsad minilaod","article_publisher":"https:\/\/www.facebook.com\/PeetriMiniladu#","article_modified_time":"2025-09-24T14:56:58+00:00","twitter_card":"summary_large_image","schema":{"@context":"https:\/\/schema.org","@graph":[{"@type":"WebPage","@id":"https:\/\/peetriminiladu.ee\/en\/contact-us\/","url":"https:\/\/peetriminiladu.ee\/en\/contact-us\/","name":"Contact us - Peetri Miniladu - Moodsad minilaod","isPartOf":{"@id":"https:\/\/peetriminiladu.ee\/#website"},"datePublished":"2025-09-22T16:04:19+00:00","dateModified":"2025-09-24T14:56:58+00:00","breadcrumb":{"@id":"https:\/\/peetriminiladu.ee\/en\/contact-us\/#breadcrumb"},"inLanguage":"en-US","potentialAction":[{"@type":"ReadAction","target":["https:\/\/peetriminiladu.ee\/en\/contact-us\/"]}]},{"@type":"BreadcrumbList","@id":"https:\/\/peetriminiladu.ee\/en\/contact-us\/#breadcrumb","itemListElement":[{"@type":"ListItem","position":1,"name":"Avaleht","item":"https:\/\/peetriminiladu.ee\/en\/peetri-mini-warehouse-safe-and-modern-mini-storage-boxes-in-peetri-rental-boxes-1-5-40-m%c2%b2\/"},{"@type":"ListItem","position":2,"name":"Contact us"}]},{"@type":"WebSite","@id":"https:\/\/peetriminiladu.ee\/#website","url":"https:\/\/peetriminiladu.ee\/","name":"Peetri Miniladu - Moodsad minilaod","description":"Peetri Miniladu - 5 t&auml;rni kodu Sinu asjadele!","publisher":{"@id":"https:\/\/peetriminiladu.ee\/#organization"},"potentialAction":[{"@type":"SearchAction","target":{"@type":"EntryPoint","urlTemplate":"https:\/\/peetriminiladu.ee\/?s={search_term_string}"},"query-input":{"@type":"PropertyValueSpecification","valueRequired":true,"valueName":"search_term_string"}}],"inLanguage":"en-US"},{"@type":"Organization","@id":"https:\/\/peetriminiladu.ee\/#organization","name":"Peetri Miniladu - Moodsad minilaod","url":"https:\/\/peetriminiladu.ee\/","logo":{"@type":"ImageObject","inLanguage":"en-US","@id":"https:\/\/peetriminiladu.ee\/#\/schema\/logo\/image\/","url":"https:\/\/peetriminiladu.ee\/wp-content\/uploads\/2025\/09\/peetri-miniladu.png.webp","contentUrl":"https:\/\/peetriminiladu.ee\/wp-content\/uploads\/2025\/09\/peetri-miniladu.png.webp","width":895,"height":243,"caption":"Peetri Miniladu - Moodsad minilaod"},"image":{"@id":"https:\/\/peetriminiladu.ee\/#\/schema\/logo\/image\/"},"sameAs":["https:\/\/www.facebook.com\/PeetriMiniladu#","https:\/\/www.instagram.com\/peetri_miniladu\/"]}]}},"_links":{"self":[{"href":"https:\/\/peetriminiladu.ee\/en\/wp-json\/wp\/v2\/pages\/1042","targetHints":{"allow":["GET"]}}],"collection":[{"href":"https:\/\/peetriminiladu.ee\/en\/wp-json\/wp\/v2\/pages"}],"about":[{"href":"https:\/\/peetriminiladu.ee\/en\/wp-json\/wp\/v2\/types\/page"}],"author":[{"embeddable":true,"href":"https:\/\/peetriminiladu.ee\/en\/wp-json\/wp\/v2\/users\/1"}],"replies":[{"embeddable":true,"href":"https:\/\/peetriminiladu.ee\/en\/wp-json\/wp\/v2\/comments?post=1042"}],"version-history":[{"count":2,"href":"https:\/\/peetriminiladu.ee\/en\/wp-json\/wp\/v2\/pages\/1042\/revisions"}],"predecessor-version":[{"id":1051,"href":"https:\/\/peetriminiladu.ee\/en\/wp-json\/wp\/v2\/pages\/1042\/revisions\/1051"}],"wp:attachment":[{"href":"https:\/\/peetriminiladu.ee\/en\/wp-json\/wp\/v2\/media?parent=1042"}],"curies":[{"name":"wp","href":"https:\/\/api.w.org\/{rel}","templated":true}]}}